{"id":2077,"date":"2021-02-05T11:31:31","date_gmt":"2021-02-05T10:31:31","guid":{"rendered":"https:\/\/embelys.fr\/?page_id=2077"},"modified":"2025-03-17T12:47:10","modified_gmt":"2025-03-17T11:47:10","slug":"quest-ce-que-le-reseau-solabaie","status":"publish","type":"page","link":"https:\/\/embelys.fr\/?page_id=2077","title":{"rendered":"Qu&rsquo;est ce que le R\u00e9seau SOLABAIE ?"},"content":{"rendered":"\t\t<div data-elementor-type=\"wp-page\" data-elementor-id=\"2077\" class=\"elementor elementor-2077\">\n\t\t\t\t\t\t<section class=\"elementor-section elementor-top-section elementor-element elementor-element-b14f875 elementor-section-boxed elementor-section-height-default elementor-section-height-default\" data-id=\"b14f875\" data-element_type=\"section\" data-e-type=\"section\">\n\t\t\t\t\t\t<div class=\"elementor-container elementor-column-gap-default\">\n\t\t\t\t\t<div class=\"elementor-column elementor-col-100 elementor-top-column elementor-element elementor-element-93bf4e1\" data-id=\"93bf4e1\" data-element_type=\"column\" data-e-type=\"column\">\n\t\t\t<div class=\"elementor-widget-wrap elementor-element-populated\">\n\t\t\t\t\t\t<div class=\"elementor-element elementor-element-b70dd92 elementor-widget elementor-widget-text-editor\" data-id=\"b70dd92\" data-element_type=\"widget\" data-e-type=\"widget\" data-widget_type=\"text-editor.default\">\n\t\t\t\t<div class=\"elementor-widget-container\">\n\t\t\t\t\t\t\t\t\t<p>Cr\u00e9\u00e9 en 2004, le r\u00e9seau Solabaie regroupe aujourd\u2019hui\u00a0<strong>plus de 150 professionnels<\/strong>\u00a0anim\u00e9s de la m\u00eame passion pour leur m\u00e9tier de menuisier.<\/p>\t\t\t\t\t\t\t\t<\/div>\n\t\t\t\t<\/div>\n\t\t\t\t<div class=\"elementor-element elementor-element-a9eea46 elementor-widget elementor-widget-image\" data-id=\"a9eea46\" data-element_type=\"widget\" data-e-type=\"widget\" data-widget_type=\"image.default\">\n\t\t\t\t<div class=\"elementor-widget-container\">\n\t\t\t\t\t\t\t\t\t\t\t\t\t\t\t<img fetchpriority=\"high\" decoding=\"async\" width=\"300\" height=\"243\" src=\"https:\/\/embelys.fr\/wp-content\/uploads\/2021\/02\/Logo-Solabaie-Meilleure-Enseigne-2021-Vert-300x243.jpg\" class=\"attachment-medium size-medium wp-image-2183\" alt=\"\" srcset=\"https:\/\/embelys.fr\/wp-content\/uploads\/2021\/02\/Logo-Solabaie-Meilleure-Enseigne-2021-Vert-300x243.jpg 300w, https:\/\/embelys.fr\/wp-content\/uploads\/2021\/02\/Logo-Solabaie-Meilleure-Enseigne-2021-Vert-1024x829.jpg 1024w, https:\/\/embelys.fr\/wp-content\/uploads\/2021\/02\/Logo-Solabaie-Meilleure-Enseigne-2021-Vert-768x622.jpg 768w, https:\/\/embelys.fr\/wp-content\/uploads\/2021\/02\/Logo-Solabaie-Meilleure-Enseigne-2021-Vert.jpg 1107w\" sizes=\"(max-width: 300px) 100vw, 300px\" \/>\t\t\t\t\t\t\t\t\t\t\t\t\t\t\t<\/div>\n\t\t\t\t<\/div>\n\t\t\t\t\t<\/div>\n\t\t<\/div>\n\t\t\t\t\t<\/div>\n\t\t<\/section>\n\t\t\t\t<section class=\"elementor-section elementor-top-section elementor-element elementor-element-6efa3a4 elementor-section-boxed elementor-section-height-default elementor-section-height-default\" data-id=\"6efa3a4\" data-element_type=\"section\" data-e-type=\"section\">\n\t\t\t\t\t\t<div class=\"elementor-container elementor-column-gap-default\">\n\t\t\t\t\t<div class=\"elementor-column elementor-col-100 elementor-top-column elementor-element elementor-element-70a0339\" data-id=\"70a0339\" data-element_type=\"column\" data-e-type=\"column\">\n\t\t\t<div class=\"elementor-widget-wrap elementor-element-populated\">\n\t\t\t\t\t\t<div class=\"elementor-element elementor-element-5080ac2 elementor-widget elementor-widget-text-editor\" data-id=\"5080ac2\" data-element_type=\"widget\" data-e-type=\"widget\" data-widget_type=\"text-editor.default\">\n\t\t\t\t<div class=\"elementor-widget-container\">\n\t\t\t\t\t\t\t\t\t<p class=\"wp-block-image\"><span style=\"color: #808080;\"><span style=\"font-size: 16px;\">Les valeurs de notre marque s\u2019appuient tant sur la&nbsp;<\/span>technicit\u00e9 et la fiabilit\u00e9 de nos produits<span style=\"font-size: 16px;\">, que sur&nbsp;<\/span><a style=\"color: #808080;\" href=\"https:\/\/www.solabaie.fr\/notre-reseau\/\">le professionnalisme et la proximit\u00e9 de nos installateurs<\/a>.&nbsp;<\/span><span style=\"color: rgb(128, 128, 128); font-size: 16px;\">Leur m\u00e9tier est de&nbsp;vous conseiller, d\u2019installer et entretenir&nbsp;l\u2019ensemble des ouvertures ou fermetures de votre habitat.<\/span><\/p>\n<p><span style=\"color: #808080;\">Pr\u00e9sents partout en France, les professionnels Solabaie&nbsp;vous accompagnent tout au long de votre projet, de sa conception \u00e0 sa r\u00e9alisation.&nbsp;<\/span><span style=\"color: rgb(128, 128, 128); font-size: 16px;\">Parce que votre lieu de vie est unique, le professionnel Solabaie de votre secteur&nbsp;se d\u00e9place \u00e0 votre domicile, \u00e9tudie votre projet, vous apporte un avis technique pertinent et les conseils adapt\u00e9s.<\/span><\/p>\n<p><span style=\"color: #808080;\">Pour faciliter votre choix, il vous&nbsp;accueille dans son showroom&nbsp;pour vous faire d\u00e9couvrir les diff\u00e9rentes gammes de produits.<\/span><\/p>\n<p><span style=\"color: #808080;\">Vous \u00eates s\u00fbr d\u2019opter pour la meilleure solution technique et esth\u00e9tique.<\/span><\/p>\n<p><span style=\"color: #808080;\">Nos installateurs sont des professionnels certifi\u00e9s !<\/span><\/p>\n<p><span style=\"color: #808080;\">Des menuiseries de qualit\u00e9 et une pose dans les r\u00e8gles de l\u2019art.<\/span><\/p>\n<p><span style=\"color: #808080;\">Les menuisiers professionnels Solabaie disposent de qualifications et de certifications vous permettant de vous fier \u00e0 leur&nbsp;s\u00e9rieux et leur professionnalisme.<\/span><\/p>\n<p><span style=\"color: #808080;\">La pose de vos menuiseries qui&nbsp;r\u00e9pondent aux normes les plus exigeantes&nbsp;est r\u00e9alis\u00e9e dans les r\u00e8gles de l\u2019art (respect des normes, protection, nettoyage).<\/span><\/p>\n<p><span style=\"color: #808080;\">Les performances de nos produits ainsi que la certification RGE (Reconnu Garant de l\u2019Environnement) de nos installateurs vous permettent de&nbsp;profiter d\u2019avantages fiscaux&nbsp;et d\u2019aides gouvernementales pour vos travaux de r\u00e9novation \u00e9nerg\u00e9tique.<\/span><\/p>\n<p><span style=\"color: #808080;\">Tous nos installateurs Solabaie sont agr\u00e9\u00e9s RGE.&nbsp;N\u2019h\u00e9sitez pas \u00e0 les contacter pour tout renseignement, ou pour effectuer&nbsp;une demande de devis !<\/span><\/p>\n<p class=\"wp-block-button aligncenter\">\n<\/p>\t\t\t\t\t\t\t\t<\/div>\n\t\t\t\t<\/div>\n\t\t\t\t\t<\/div>\n\t\t<\/div>\n\t\t\t\t\t<\/div>\n\t\t<\/section>\n\t\t\t\t<section class=\"elementor-section elementor-top-section elementor-element elementor-element-2517e27 elementor-section-boxed elementor-section-height-default elementor-section-height-default\" data-id=\"2517e27\" data-element_type=\"section\" data-e-type=\"section\">\n\t\t\t\t\t\t<div class=\"elementor-container elementor-column-gap-default\">\n\t\t\t\t\t<div class=\"elementor-column elementor-col-100 elementor-top-column elementor-element elementor-element-a7ac77e\" data-id=\"a7ac77e\" data-element_type=\"column\" data-e-type=\"column\">\n\t\t\t<div class=\"elementor-widget-wrap elementor-element-populated\">\n\t\t\t\t\t\t<div class=\"elementor-element elementor-element-d2444cb elementor-widget elementor-widget-spacer\" data-id=\"d2444cb\" data-element_type=\"widget\" data-e-type=\"widget\" data-widget_type=\"spacer.default\">\n\t\t\t\t<div class=\"elementor-widget-container\">\n\t\t\t\t\t\t\t<div class=\"elementor-spacer\">\n\t\t\t<div class=\"elementor-spacer-inner\"><\/div>\n\t\t<\/div>\n\t\t\t\t\t\t<\/div>\n\t\t\t\t<\/div>\n\t\t\t\t\t<\/div>\n\t\t<\/div>\n\t\t\t\t\t<\/div>\n\t\t<\/section>\n\t\t\t\t<section class=\"elementor-section elementor-top-section elementor-element elementor-element-6cc54d2 elementor-section-boxed elementor-section-height-default elementor-section-height-default\" data-id=\"6cc54d2\" data-element_type=\"section\" data-e-type=\"section\">\n\t\t\t\t\t\t<div class=\"elementor-container elementor-column-gap-default\">\n\t\t\t\t\t<div class=\"elementor-column elementor-col-100 elementor-top-column elementor-element elementor-element-a342df2\" data-id=\"a342df2\" data-element_type=\"column\" data-e-type=\"column\">\n\t\t\t<div class=\"elementor-widget-wrap elementor-element-populated\">\n\t\t\t\t\t\t<div class=\"elementor-element elementor-element-0475fdd elementor-widget-divider--view-line elementor-widget elementor-widget-divider\" data-id=\"0475fdd\" data-element_type=\"widget\" data-e-type=\"widget\" data-widget_type=\"divider.default\">\n\t\t\t\t<div class=\"elementor-widget-container\">\n\t\t\t\t\t\t\t<div class=\"elementor-divider\">\n\t\t\t<span class=\"elementor-divider-separator\">\n\t\t\t\t\t\t<\/span>\n\t\t<\/div>\n\t\t\t\t\t\t<\/div>\n\t\t\t\t<\/div>\n\t\t\t\t\t<\/div>\n\t\t<\/div>\n\t\t\t\t\t<\/div>\n\t\t<\/section>\n\t\t\t\t<section class=\"elementor-section elementor-top-section elementor-element elementor-element-b54666f elementor-section-boxed elementor-section-height-default elementor-section-height-default\" data-id=\"b54666f\" data-element_type=\"section\" data-e-type=\"section\">\n\t\t\t\t\t\t<div class=\"elementor-container elementor-column-gap-default\">\n\t\t\t\t\t<div class=\"elementor-column elementor-col-100 elementor-top-column elementor-element elementor-element-95fe550\" data-id=\"95fe550\" data-element_type=\"column\" data-e-type=\"column\">\n\t\t\t<div class=\"elementor-widget-wrap elementor-element-populated\">\n\t\t\t\t\t\t<div class=\"elementor-element elementor-element-d72b640 elementor-widget elementor-widget-spacer\" data-id=\"d72b640\" data-element_type=\"widget\" data-e-type=\"widget\" data-widget_type=\"spacer.default\">\n\t\t\t\t<div class=\"elementor-widget-container\">\n\t\t\t\t\t\t\t<div class=\"elementor-spacer\">\n\t\t\t<div class=\"elementor-spacer-inner\"><\/div>\n\t\t<\/div>\n\t\t\t\t\t\t<\/div>\n\t\t\t\t<\/div>\n\t\t\t\t\t<\/div>\n\t\t<\/div>\n\t\t\t\t\t<\/div>\n\t\t<\/section>\n\t\t\t\t<section class=\"elementor-section elementor-top-section elementor-element elementor-element-a7baff0 elementor-section-boxed elementor-section-height-default elementor-section-height-default\" data-id=\"a7baff0\" data-element_type=\"section\" data-e-type=\"section\">\n\t\t\t\t\t\t<div class=\"elementor-container elementor-column-gap-default\">\n\t\t\t\t\t<div class=\"elementor-column elementor-col-100 elementor-top-column elementor-element elementor-element-b772d70\" data-id=\"b772d70\" data-element_type=\"column\" data-e-type=\"column\">\n\t\t\t<div class=\"elementor-widget-wrap elementor-element-populated\">\n\t\t\t\t\t\t<div class=\"elementor-element elementor-element-10c3618 elementor-widget elementor-widget-heading\" data-id=\"10c3618\" data-element_type=\"widget\" data-e-type=\"widget\" data-widget_type=\"heading.default\">\n\t\t\t\t<div class=\"elementor-widget-container\">\n\t\t\t\t\t<h1 class=\"elementor-heading-title elementor-size-default\">FORMULAIRE DE CONTACT<\/h1>\t\t\t\t<\/div>\n\t\t\t\t<\/div>\n\t\t\t\t\t<\/div>\n\t\t<\/div>\n\t\t\t\t\t<\/div>\n\t\t<\/section>\n\t\t\t\t<section class=\"elementor-section elementor-top-section elementor-element elementor-element-b49b114 elementor-section-boxed elementor-section-height-default elementor-section-height-default\" data-id=\"b49b114\" data-element_type=\"section\" data-e-type=\"section\">\n\t\t\t\t\t\t<div class=\"elementor-container elementor-column-gap-default\">\n\t\t\t\t\t<div class=\"elementor-column elementor-col-100 elementor-top-column elementor-element elementor-element-3d84167\" data-id=\"3d84167\" data-element_type=\"column\" data-e-type=\"column\">\n\t\t\t<div class=\"elementor-widget-wrap elementor-element-populated\">\n\t\t\t\t\t\t<div class=\"elementor-element elementor-element-9dcd78b elementor-widget elementor-widget-spacer\" data-id=\"9dcd78b\" data-element_type=\"widget\" data-e-type=\"widget\" data-widget_type=\"spacer.default\">\n\t\t\t\t<div class=\"elementor-widget-container\">\n\t\t\t\t\t\t\t<div class=\"elementor-spacer\">\n\t\t\t<div class=\"elementor-spacer-inner\"><\/div>\n\t\t<\/div>\n\t\t\t\t\t\t<\/div>\n\t\t\t\t<\/div>\n\t\t\t\t\t<\/div>\n\t\t<\/div>\n\t\t\t\t\t<\/div>\n\t\t<\/section>\n\t\t\t\t<section class=\"elementor-section elementor-top-section elementor-element elementor-element-2ea55b4 elementor-section-boxed elementor-section-height-default elementor-section-height-default\" data-id=\"2ea55b4\" data-element_type=\"section\" data-e-type=\"section\">\n\t\t\t\t\t\t<div class=\"elementor-container elementor-column-gap-default\">\n\t\t\t\t\t<div class=\"elementor-column elementor-col-100 elementor-top-column elementor-element elementor-element-bacf981\" data-id=\"bacf981\" data-element_type=\"column\" data-e-type=\"column\">\n\t\t\t<div class=\"elementor-widget-wrap elementor-element-populated\">\n\t\t\t\t\t\t<div class=\"elementor-element elementor-element-0aa68f3 elementor-widget elementor-widget-wpforms\" data-id=\"0aa68f3\" data-element_type=\"widget\" data-e-type=\"widget\" data-widget_type=\"wpforms.default\">\n\t\t\t\t<div class=\"elementor-widget-container\">\n\t\t\t\t\t<div class=\"wpforms-container wpforms-container-full\" id=\"wpforms-173\"><form id=\"wpforms-form-173\" class=\"wpforms-validate wpforms-form\" data-formid=\"173\" method=\"post\" enctype=\"multipart\/form-data\" action=\"\/index.php?rest_route=%2Fwp%2Fv2%2Fpages%2F2077\" data-token=\"f3f4158674083215e6bc31a646ee224d\" data-token-time=\"1778156711\"><noscript class=\"wpforms-error-noscript\">Veuillez activer JavaScript dans votre navigateur pour remplir ce formulaire.<\/noscript><div class=\"wpforms-field-container\"><div id=\"wpforms-173-field_0-container\" class=\"wpforms-field wpforms-field-name\" data-field-id=\"0\"><label class=\"wpforms-field-label wpforms-label-hide\" for=\"wpforms-173-field_0\">Formulaire de contact <span class=\"wpforms-required-label\">*<\/span><\/label><input type=\"text\" id=\"wpforms-173-field_0\" class=\"wpforms-field-large wpforms-field-required\" name=\"wpforms[fields][0]\" placeholder=\"Nom et pr\u00e9nom\" required><\/div><div id=\"wpforms-173-field_1-container\" class=\"wpforms-field wpforms-field-email\" data-field-id=\"1\"><label class=\"wpforms-field-label wpforms-label-hide\" for=\"wpforms-173-field_1\">Email <span class=\"wpforms-required-label\">*<\/span><\/label><input type=\"email\" id=\"wpforms-173-field_1\" class=\"wpforms-field-large wpforms-field-required\" name=\"wpforms[fields][1]\" placeholder=\"Votre email\" spellcheck=\"false\" required><\/div><div id=\"wpforms-173-field_2-container\" class=\"wpforms-field wpforms-field-textarea\" data-field-id=\"2\"><label class=\"wpforms-field-label wpforms-label-hide\" for=\"wpforms-173-field_2\">Votre message <span class=\"wpforms-required-label\">*<\/span><\/label><textarea id=\"wpforms-173-field_2\" class=\"wpforms-field-medium wpforms-field-required\" name=\"wpforms[fields][2]\" placeholder=\"Votre message\" required><\/textarea><\/div><\/div><!-- .wpforms-field-container --><div class=\"wpforms-field wpforms-field-hp\"><label for=\"wpforms-173-field-hp\" class=\"wpforms-field-label\">Comment<\/label><input type=\"text\" name=\"wpforms[hp]\" id=\"wpforms-173-field-hp\" class=\"wpforms-field-medium\"><\/div><div class=\"wpforms-submit-container\" ><input type=\"hidden\" name=\"wpforms[id]\" value=\"173\"><input type=\"hidden\" name=\"page_title\" value=\"\"><input type=\"hidden\" name=\"page_url\" value=\"https:\/\/embelys.fr\/index.php?rest_route=\/wp\/v2\/pages\/2077\"><input type=\"hidden\" name=\"url_referer\" value=\"\"><button type=\"submit\" name=\"wpforms[submit]\" id=\"wpforms-submit-173\" class=\"wpforms-submit\" data-alt-text=\"Envoi en cours...\" data-submit-text=\"Envoyer\" aria-live=\"assertive\" value=\"wpforms-submit\">Envoyer<\/button><\/div><\/form><\/div>  <!-- .wpforms-container -->\t\t\t\t<\/div>\n\t\t\t\t<\/div>\n\t\t\t\t\t<\/div>\n\t\t<\/div>\n\t\t\t\t\t<\/div>\n\t\t<\/section>\n\t\t\t\t<\/div>\n\t\t","protected":false},"excerpt":{"rendered":"<p>Cr\u00e9\u00e9 en 2004, le r\u00e9seau Solabaie regroupe aujourd\u2019hui\u00a0plus de 150 professionnels\u00a0anim\u00e9s de la m\u00eame passion pour leur m\u00e9tier de menuisier. Les valeurs de notre marque s\u2019appuient tant sur la&nbsp;technicit\u00e9 et la fiabilit\u00e9 de nos produits, que sur&nbsp;le professionnalisme et la proximit\u00e9 de nos installateurs.&nbsp;Leur m\u00e9tier est de&nbsp;vous conseiller, d\u2019installer et entretenir&nbsp;l\u2019ensemble des ouvertures ou fermetures [&hellip;]<\/p>\n","protected":false},"author":1,"featured_media":0,"parent":0,"menu_order":0,"comment_status":"closed","ping_status":"closed","template":"","meta":{"om_disable_all_campaigns":false,"_monsterinsights_skip_tracking":false,"_monsterinsights_sitenote_active":false,"_monsterinsights_sitenote_note":"","_monsterinsights_sitenote_category":0,"footnotes":""},"class_list":["post-2077","page","type-page","status-publish","hentry","entry"],"aioseo_notices":[],"_links":{"self":[{"href":"https:\/\/embelys.fr\/index.php?rest_route=\/wp\/v2\/pages\/2077"}],"collection":[{"href":"https:\/\/embelys.fr\/index.php?rest_route=\/wp\/v2\/pages"}],"about":[{"href":"https:\/\/embelys.fr\/index.php?rest_route=\/wp\/v2\/types\/page"}],"author":[{"embeddable":true,"href":"https:\/\/embelys.fr\/index.php?rest_route=\/wp\/v2\/users\/1"}],"replies":[{"embeddable":true,"href":"https:\/\/embelys.fr\/index.php?rest_route=%2Fwp%2Fv2%2Fcomments&post=2077"}],"version-history":[{"count":42,"href":"https:\/\/embelys.fr\/index.php?rest_route=\/wp\/v2\/pages\/2077\/revisions"}],"predecessor-version":[{"id":4784,"href":"https:\/\/embelys.fr\/index.php?rest_route=\/wp\/v2\/pages\/2077\/revisions\/4784"}],"wp:attachment":[{"href":"https:\/\/embelys.fr\/index.php?rest_route=%2Fwp%2Fv2%2Fmedia&parent=2077"}],"curies":[{"name":"wp","href":"https:\/\/api.w.org\/{rel}","templated":true}]}}